{"id":138,"date":"2023-04-15T15:07:50","date_gmt":"2023-04-15T15:07:50","guid":{"rendered":"http:\/\/barraiart.es\/?page_id=138"},"modified":"2023-08-23T18:07:41","modified_gmt":"2023-08-23T18:07:41","slug":"historia","status":"publish","type":"page","link":"https:\/\/barraiart.es\/en\/historia\/","title":{"rendered":"Barra &amp; Art"},"content":{"rendered":"<p><div class=\"fusion-fullwidth fullwidth-box fusion-builder-row-1 fusion-flex-container has-pattern-background has-mask-background fusion-parallax-none nonhundred-percent-fullwidth non-hundred-percent-height-scrolling\" style=\"--awb-border-radius-top-left:0px;--awb-border-radius-top-right:0px;--awb-border-radius-bottom-right:0px;--awb-border-radius-bottom-left:0px;--awb-padding-top:200px;--awb-padding-bottom:80px;--awb-padding-top-small:170px;--awb-padding-bottom-small:45px;--awb-background-color:var(--awb-color5);--awb-background-image:linear-gradient(180deg, rgba(0,0,0,0.59) 36%,var(--awb-color8) 100%),url(http:\/\/barraiart.es\/wp-content\/uploads\/2023\/04\/1-1.jpg);;--awb-background-size:cover;--awb-flex-wrap:wrap;\" ><div class=\"fusion-builder-row fusion-row fusion-flex-align-items-flex-start fusion-flex-content-wrap\" style=\"max-width:1248px;margin-left: calc(-4% \/ 2 );margin-right: calc(-4% \/ 2 );\"><div class=\"fusion-layout-column fusion_builder_column fusion-builder-column-0 fusion_builder_column_1_1 1_1 fusion-flex-column fusion-animated\" style=\"--awb-bg-color:var(--awb-color5);--awb-bg-color-hover:var(--awb-color5);--awb-bg-size:cover;--awb-border-color:var(--awb-color3);--awb-border-top:5px;--awb-border-right:5px;--awb-border-bottom:5px;--awb-border-left:5px;--awb-border-style:solid;--awb-width-large:100%;--awb-margin-top-large:0px;--awb-spacing-right-large:1.92%;--awb-margin-bottom-large:0px;--awb-spacing-left-large:1.92%;--awb-width-medium:100%;--awb-order-medium:0;--awb-spacing-right-medium:1.92%;--awb-spacing-left-medium:1.92%;--awb-width-small:100%;--awb-order-small:0;--awb-spacing-right-small:1.92%;--awb-spacing-left-small:1.92%;\" data-animationtype=\"bounceInDown\" data-animationduration=\"0.8\" data-animationoffset=\"top-into-view\"><div class=\"fusion-column-wrapper fusion-column-has-shadow fusion-flex-justify-content-flex-start fusion-content-layout-column\"><div class=\"fusion-title title fusion-title-1 fusion-no-small-visibility fusion-no-medium-visibility fusion-sep-none fusion-title-center fusion-title-text fusion-title-size-one\" style=\"--awb-text-color:var(--awb-color1);\"><h1 class=\"fusion-title-heading title-heading-center\" style=\"margin:0;\">HISTORY OF THE ESTABLISHMENT<\/h1><\/div><div class=\"fusion-title title fusion-title-2 fusion-no-large-visibility fusion-sep-none fusion-title-center fusion-title-text fusion-title-size-one\" style=\"--awb-text-color:var(--awb-color1);--awb-font-size:30px;\"><h1 class=\"fusion-title-heading title-heading-center\" style=\"margin:0;font-size:1em;\">HISTORY OF THE ESTABLISHMENT<\/h1><\/div><\/div><\/div><\/div><\/div><div class=\"fusion-fullwidth fullwidth-box fusion-builder-row-2 fusion-flex-container has-pattern-background has-mask-background nonhundred-percent-fullwidth non-hundred-percent-height-scrolling\" style=\"--awb-border-radius-top-left:0px;--awb-border-radius-top-right:0px;--awb-border-radius-bottom-right:0px;--awb-border-radius-bottom-left:0px;--awb-padding-top:30px;--awb-padding-bottom:20px;--awb-background-color:var(--awb-color8);--awb-flex-wrap:wrap;\" ><div class=\"fusion-builder-row fusion-row fusion-flex-align-items-flex-start fusion-flex-content-wrap\" style=\"max-width:1248px;margin-left: calc(-4% \/ 2 );margin-right: calc(-4% \/ 2 );\"><div class=\"fusion-layout-column fusion_builder_column fusion-builder-column-1 fusion_builder_column_1_1 1_1 fusion-flex-column\" style=\"--awb-bg-size:cover;--awb-width-large:100%;--awb-margin-top-large:0px;--awb-spacing-right-large:1.92%;--awb-margin-bottom-large:0px;--awb-spacing-left-large:1.92%;--awb-width-medium:100%;--awb-order-medium:0;--awb-spacing-right-medium:1.92%;--awb-spacing-left-medium:1.92%;--awb-width-small:100%;--awb-order-small:0;--awb-spacing-right-small:1.92%;--awb-spacing-left-small:1.92%;\"><div class=\"fusion-column-wrapper fusion-column-has-shadow fusion-flex-justify-content-flex-start fusion-content-layout-column\"><div class=\"fusion-text fusion-text-1\"><p>Our history goes back to <span style=\"color: var(--awb-color3);\">the end of the 19th century<\/span>, at number 115 of the emblematic <span style=\"color: var(--awb-color3);\">Barcelona's ramblas<\/span>. Over time, it has gone through different stages and transformations.<\/p>\n<p class=\"translation-block\">The building that houses Barra &amp; Art is part of the <strong>Real Academia de Ciencias y Artes de Barcelona<\/strong>, a building inaugurated in 1894 and designed by the architect Jos\u00e9 Dom\u00e9nech y Estap\u00e1. Since its foundation, this place has been a meeting point for lovers of art, culture and gastronomy.<\/p>\n<p>The Ramblas and the theater, which in its early days was known as the Cine Mart and is now known as the Teatro Poliorama, are connected by a doorway, which has seen numerous theatrical performances, comedies, and commercial musicals that have enriched the lively vibe of the area.<\/p>\n<p>Before becoming <span style=\"color: var(--awb-color3);\">Barra &amp; Art<\/span>, this historic space housed the <strong>Antigua Casa Mumbr\u00fa<\/strong>, a well-known Barcelona delicatessen that had been operating since 1889, and in 1987, the place underwent a change when the Catalonian company <strong>Viena<\/strong> transformed it into a fast food restaurant.<\/p>\n<p>In 2016, the establishment was recognized and <span style=\"color: var(--awb-color3);\">protected by the Barcelona City Council<\/span> as one of the city's emblematic businesses with the <strong>category E2<\/strong>, interest establishments. Both its interior and fa\u00e7ade have been carefully preserved, maintaining its historical charm and its connection with the past.<\/p>\n<p>Today, Barra &amp; Art is a unique and special place that is part of the catalogue of emblematic stores in Barcelona. With its fusion of Mediterranean gastronomy, art and cocktails, it offers diners a unique experience in a setting that reflects the history and beauty of the city.<\/p>\n<\/div><\/div><\/div><\/div><\/div><div class=\"fusion-fullwidth fullwidth-box fusion-builder-row-3 fusion-flex-container has-pattern-background has-mask-background nonhundred-percent-fullwidth non-hundred-percent-height-scrolling\" style=\"--awb-border-radius-top-left:0px;--awb-border-radius-top-right:0px;--awb-border-radius-bottom-right:0px;--awb-border-radius-bottom-left:0px;--awb-padding-top:50px;--awb-padding-bottom:50px;--awb-background-color:var(--awb-color8);--awb-flex-wrap:wrap;\" ><div class=\"fusion-builder-row fusion-row fusion-flex-align-items-flex-start fusion-flex-content-wrap\" style=\"max-width:1248px;margin-left: calc(-4% \/ 2 );margin-right: calc(-4% \/ 2 );\"><div class=\"fusion-layout-column fusion_builder_column fusion-builder-column-2 fusion_builder_column_3_5 3_5 fusion-flex-column\" style=\"--awb-bg-size:cover;--awb-width-large:60%;--awb-margin-top-large:0px;--awb-spacing-right-large:3.2%;--awb-margin-bottom-large:0px;--awb-spacing-left-large:3.2%;--awb-width-medium:60%;--awb-order-medium:0;--awb-spacing-right-medium:3.2%;--awb-spacing-left-medium:3.2%;--awb-width-small:100%;--awb-order-small:0;--awb-spacing-right-small:1.92%;--awb-spacing-left-small:1.92%;\"><div class=\"fusion-column-wrapper fusion-column-has-shadow fusion-flex-justify-content-flex-start fusion-content-layout-column\"><div class=\"fusion-builder-row fusion-builder-row-inner fusion-row fusion-flex-align-items-flex-start fusion-flex-content-wrap\" style=\"width:104% !important;max-width:104% !important;margin-left: calc(-4% \/ 2 );margin-right: calc(-4% \/ 2 );\"><div class=\"fusion-layout-column fusion_builder_column_inner fusion-builder-nested-column-0 fusion_builder_column_inner_1_3 1_3 fusion-flex-column\" style=\"--awb-bg-size:cover;--awb-width-large:33.333333333333%;--awb-margin-top-large:0px;--awb-spacing-right-large:5.76%;--awb-margin-bottom-large:0px;--awb-spacing-left-large:5.76%;--awb-width-medium:33.333333333333%;--awb-order-medium:0;--awb-spacing-right-medium:5.76%;--awb-spacing-left-medium:5.76%;--awb-width-small:100%;--awb-order-small:0;--awb-spacing-right-small:1.92%;--awb-spacing-left-small:1.92%;\"><div class=\"fusion-column-wrapper fusion-column-has-shadow fusion-flex-justify-content-flex-start fusion-content-layout-column\"><div class=\"fusion-image-element\" style=\"--awb-margin-bottom-small:50px;--awb-caption-title-font-family:var(--h2_typography-font-family);--awb-caption-title-font-weight:var(--h2_typography-font-weight);--awb-caption-title-font-style:var(--h2_typography-font-style);--awb-caption-title-size:var(--h2_typography-font-size);--awb-caption-title-transform:var(--h2_typography-text-transform);--awb-caption-title-line-height:var(--h2_typography-line-height);--awb-caption-title-letter-spacing:var(--h2_typography-letter-spacing);\"><span class=\"fusion-imageframe imageframe-none imageframe-1 hover-type-zoomin\" style=\"border-radius:15px;\"><img decoding=\"async\" width=\"1708\" height=\"2560\" title=\"5\" src=\"http:\/\/barraiart.es\/wp-content\/uploads\/2023\/04\/5-scaled.jpg\" alt class=\"img-responsive wp-image-370\" srcset=\"https:\/\/barraiart.es\/wp-content\/uploads\/2023\/04\/5-200x300.jpg 200w, https:\/\/barraiart.es\/wp-content\/uploads\/2023\/04\/5-400x600.jpg 400w, https:\/\/barraiart.es\/wp-content\/uploads\/2023\/04\/5-600x900.jpg 600w, https:\/\/barraiart.es\/wp-content\/uploads\/2023\/04\/5-800x1199.jpg 800w, https:\/\/barraiart.es\/wp-content\/uploads\/2023\/04\/5-1200x1799.jpg 1200w, https:\/\/barraiart.es\/wp-content\/uploads\/2023\/04\/5-scaled.jpg 1708w\" sizes=\"(max-width: 640px) 100vw, 400px\" \/><\/span><\/div><\/div><\/div><div class=\"fusion-layout-column fusion_builder_column_inner fusion-builder-nested-column-1 fusion_builder_column_inner_1_3 1_3 fusion-flex-column\" style=\"--awb-bg-size:cover;--awb-width-large:33.333333333333%;--awb-margin-top-large:0px;--awb-spacing-right-large:5.76%;--awb-margin-bottom-large:0px;--awb-spacing-left-large:5.76%;--awb-width-medium:33.333333333333%;--awb-order-medium:0;--awb-spacing-right-medium:5.76%;--awb-spacing-left-medium:5.76%;--awb-width-small:100%;--awb-order-small:0;--awb-spacing-right-small:1.92%;--awb-spacing-left-small:1.92%;\"><div class=\"fusion-column-wrapper fusion-column-has-shadow fusion-flex-justify-content-flex-start fusion-content-layout-column\"><div class=\"fusion-image-element\" style=\"--awb-margin-bottom-small:50px;--awb-caption-title-font-family:var(--h2_typography-font-family);--awb-caption-title-font-weight:var(--h2_typography-font-weight);--awb-caption-title-font-style:var(--h2_typography-font-style);--awb-caption-title-size:var(--h2_typography-font-size);--awb-caption-title-transform:var(--h2_typography-text-transform);--awb-caption-title-line-height:var(--h2_typography-line-height);--awb-caption-title-letter-spacing:var(--h2_typography-letter-spacing);\"><span class=\"fusion-imageframe imageframe-none imageframe-2 hover-type-zoomin\" style=\"border-radius:15px;\"><img decoding=\"async\" width=\"1708\" height=\"2560\" title=\"11\" src=\"http:\/\/barraiart.es\/wp-content\/uploads\/2023\/04\/11-scaled.jpg\" alt class=\"img-responsive wp-image-381\" srcset=\"https:\/\/barraiart.es\/wp-content\/uploads\/2023\/04\/11-200x300.jpg 200w, https:\/\/barraiart.es\/wp-content\/uploads\/2023\/04\/11-400x600.jpg 400w, https:\/\/barraiart.es\/wp-content\/uploads\/2023\/04\/11-600x900.jpg 600w, https:\/\/barraiart.es\/wp-content\/uploads\/2023\/04\/11-800x1199.jpg 800w, https:\/\/barraiart.es\/wp-content\/uploads\/2023\/04\/11-1200x1799.jpg 1200w, https:\/\/barraiart.es\/wp-content\/uploads\/2023\/04\/11-scaled.jpg 1708w\" sizes=\"(max-width: 640px) 100vw, 400px\" \/><\/span><\/div><\/div><\/div><div class=\"fusion-layout-column fusion_builder_column_inner fusion-builder-nested-column-2 fusion_builder_column_inner_1_3 1_3 fusion-flex-column\" style=\"--awb-bg-size:cover;--awb-width-large:33.333333333333%;--awb-margin-top-large:0px;--awb-spacing-right-large:5.76%;--awb-margin-bottom-large:44px;--awb-spacing-left-large:5.76%;--awb-width-medium:33.333333333333%;--awb-order-medium:0;--awb-spacing-right-medium:5.76%;--awb-spacing-left-medium:5.76%;--awb-width-small:100%;--awb-order-small:0;--awb-spacing-right-small:1.92%;--awb-margin-bottom-small:0px;--awb-spacing-left-small:1.92%;\"><div class=\"fusion-column-wrapper fusion-column-has-shadow fusion-flex-justify-content-flex-start fusion-content-layout-column\"><div class=\"fusion-image-element\" style=\"--awb-margin-bottom-small:0px;--awb-caption-title-font-family:var(--h2_typography-font-family);--awb-caption-title-font-weight:var(--h2_typography-font-weight);--awb-caption-title-font-style:var(--h2_typography-font-style);--awb-caption-title-size:var(--h2_typography-font-size);--awb-caption-title-transform:var(--h2_typography-text-transform);--awb-caption-title-line-height:var(--h2_typography-line-height);--awb-caption-title-letter-spacing:var(--h2_typography-letter-spacing);\"><span class=\"fusion-imageframe imageframe-none imageframe-3 hover-type-zoomin\" style=\"border-radius:15px;\"><img decoding=\"async\" width=\"1708\" height=\"2560\" title=\"1\" src=\"http:\/\/barraiart.es\/wp-content\/uploads\/2023\/04\/1-scaled.jpg\" alt class=\"img-responsive wp-image-384\" srcset=\"https:\/\/barraiart.es\/wp-content\/uploads\/2023\/04\/1-200x300.jpg 200w, https:\/\/barraiart.es\/wp-content\/uploads\/2023\/04\/1-400x600.jpg 400w, https:\/\/barraiart.es\/wp-content\/uploads\/2023\/04\/1-600x900.jpg 600w, https:\/\/barraiart.es\/wp-content\/uploads\/2023\/04\/1-800x1199.jpg 800w, https:\/\/barraiart.es\/wp-content\/uploads\/2023\/04\/1-1200x1799.jpg 1200w, https:\/\/barraiart.es\/wp-content\/uploads\/2023\/04\/1-scaled.jpg 1708w\" sizes=\"(max-width: 640px) 100vw, 400px\" \/><\/span><\/div><\/div><\/div><div class=\"fusion-layout-column fusion_builder_column_inner fusion-builder-nested-column-3 fusion_builder_column_inner_1_1 1_1 fusion-flex-column\" style=\"--awb-padding-top-small:0px;--awb-bg-size:cover;--awb-width-large:100%;--awb-margin-top-large:0px;--awb-spacing-right-large:1.92%;--awb-margin-bottom-large:0px;--awb-spacing-left-large:1.92%;--awb-width-medium:100%;--awb-order-medium:0;--awb-spacing-right-medium:1.92%;--awb-spacing-left-medium:1.92%;--awb-width-small:100%;--awb-order-small:0;--awb-margin-top-small:0px;--awb-spacing-right-small:1.92%;--awb-spacing-left-small:1.92%;\"><div class=\"fusion-column-wrapper fusion-column-has-shadow fusion-flex-justify-content-flex-start fusion-content-layout-column\"><div class=\"fusion-image-element\" style=\"text-align:center;--awb-margin-top-small:50px;--awb-margin-bottom-small:50px;--awb-max-width:200px;--awb-caption-title-font-family:var(--h2_typography-font-family);--awb-caption-title-font-weight:var(--h2_typography-font-weight);--awb-caption-title-font-style:var(--h2_typography-font-style);--awb-caption-title-size:var(--h2_typography-font-size);--awb-caption-title-transform:var(--h2_typography-text-transform);--awb-caption-title-line-height:var(--h2_typography-line-height);--awb-caption-title-letter-spacing:var(--h2_typography-letter-spacing);\"><span class=\"fusion-imageframe imageframe-none imageframe-4 hover-type-none\"><img decoding=\"async\" width=\"475\" height=\"56\" title=\"decoracion-2\" src=\"http:\/\/barraiart.es\/wp-content\/uploads\/2023\/04\/decoracion-2-2.png\" alt class=\"img-responsive wp-image-358\" srcset=\"https:\/\/barraiart.es\/wp-content\/uploads\/2023\/04\/decoracion-2-2-200x24.png 200w, https:\/\/barraiart.es\/wp-content\/uploads\/2023\/04\/decoracion-2-2-400x47.png 400w, https:\/\/barraiart.es\/wp-content\/uploads\/2023\/04\/decoracion-2-2.png 475w\" sizes=\"(max-width: 640px) 100vw, 475px\" \/><\/span><\/div><\/div><\/div><\/div><\/div><\/div><div class=\"fusion-layout-column fusion_builder_column fusion-builder-column-3 fusion_builder_column_2_5 2_5 fusion-flex-column\" style=\"--awb-bg-size:cover;--awb-width-large:40%;--awb-margin-top-large:0px;--awb-spacing-right-large:4.8%;--awb-margin-bottom-large:0px;--awb-spacing-left-large:4.8%;--awb-width-medium:40%;--awb-order-medium:0;--awb-spacing-right-medium:4.8%;--awb-spacing-left-medium:4.8%;--awb-width-small:100%;--awb-order-small:0;--awb-spacing-right-small:1.92%;--awb-spacing-left-small:1.92%;\"><div class=\"fusion-column-wrapper fusion-column-has-shadow fusion-flex-justify-content-flex-start fusion-content-layout-column\"><div class=\"fusion-image-element\" style=\"--awb-caption-title-font-family:var(--h2_typography-font-family);--awb-caption-title-font-weight:var(--h2_typography-font-weight);--awb-caption-title-font-style:var(--h2_typography-font-style);--awb-caption-title-size:var(--h2_typography-font-size);--awb-caption-title-transform:var(--h2_typography-text-transform);--awb-caption-title-line-height:var(--h2_typography-line-height);--awb-caption-title-letter-spacing:var(--h2_typography-letter-spacing);\"><span class=\"fusion-imageframe imageframe-none imageframe-5 hover-type-zoomin\" style=\"border-radius:15px;\"><img decoding=\"async\" width=\"2270\" height=\"2339\" title=\"1-1\" src=\"http:\/\/barraiart.es\/wp-content\/uploads\/2023\/04\/1-1.jpg\" alt class=\"img-responsive wp-image-364\" srcset=\"https:\/\/barraiart.es\/wp-content\/uploads\/2023\/04\/1-1-200x206.jpg 200w, https:\/\/barraiart.es\/wp-content\/uploads\/2023\/04\/1-1-400x412.jpg 400w, https:\/\/barraiart.es\/wp-content\/uploads\/2023\/04\/1-1-600x618.jpg 600w, https:\/\/barraiart.es\/wp-content\/uploads\/2023\/04\/1-1-800x824.jpg 800w, https:\/\/barraiart.es\/wp-content\/uploads\/2023\/04\/1-1-1200x1236.jpg 1200w, https:\/\/barraiart.es\/wp-content\/uploads\/2023\/04\/1-1.jpg 2270w\" sizes=\"(max-width: 640px) 100vw, 600px\" \/><\/span><\/div><\/div><\/div><\/div><\/div><div class=\"fusion-fullwidth fullwidth-box fusion-builder-row-4 fusion-flex-container has-pattern-background has-mask-background nonhundred-percent-fullwidth non-hundred-percent-height-scrolling\" style=\"--awb-border-radius-top-left:0px;--awb-border-radius-top-right:0px;--awb-border-radius-bottom-right:0px;--awb-border-radius-bottom-left:0px;--awb-background-color:var(--awb-color8);--awb-flex-wrap:wrap;\" ><div class=\"fusion-builder-row fusion-row fusion-flex-align-items-flex-start fusion-flex-content-wrap\" style=\"max-width:1248px;margin-left: calc(-4% \/ 2 );margin-right: calc(-4% \/ 2 );\"><div class=\"fusion-layout-column fusion_builder_column fusion-builder-column-4 fusion_builder_column_1_1 1_1 fusion-flex-column\" style=\"--awb-bg-size:cover;--awb-width-large:100%;--awb-margin-top-large:0px;--awb-spacing-right-large:1.92%;--awb-margin-bottom-large:0px;--awb-spacing-left-large:1.92%;--awb-width-medium:100%;--awb-order-medium:0;--awb-spacing-right-medium:1.92%;--awb-spacing-left-medium:1.92%;--awb-width-small:100%;--awb-order-small:0;--awb-spacing-right-small:1.92%;--awb-spacing-left-small:1.92%;\"><div class=\"fusion-column-wrapper fusion-column-has-shadow fusion-flex-justify-content-flex-start fusion-content-layout-column\"><div class=\"fusion-separator\" style=\"align-self: center;margin-left: auto;margin-right: auto;flex-grow:3;margin-top:20px;margin-bottom:20px;width:100%;max-width:150px;\"><div class=\"fusion-separator-border sep-single sep-solid\" style=\"--awb-height:20px;--awb-amount:20px;border-color:var(--awb-color3);border-top-width:4px;\"><\/div><\/div><\/div><\/div><\/div><\/div><div class=\"fusion-fullwidth fullwidth-box fusion-builder-row-5 fusion-flex-container has-pattern-background has-mask-background nonhundred-percent-fullwidth non-hundred-percent-height-scrolling\" style=\"--awb-border-radius-top-left:0px;--awb-border-radius-top-right:0px;--awb-border-radius-bottom-right:0px;--awb-border-radius-bottom-left:0px;--awb-padding-top:50px;--awb-padding-bottom:20px;--awb-background-color:var(--awb-color8);--awb-flex-wrap:wrap;\" ><div class=\"fusion-builder-row fusion-row fusion-flex-align-items-flex-start fusion-flex-content-wrap\" style=\"max-width:1248px;margin-left: calc(-4% \/ 2 );margin-right: calc(-4% \/ 2 );\"><div class=\"fusion-layout-column fusion_builder_column fusion-builder-column-5 fusion_builder_column_1_1 1_1 fusion-flex-column\" style=\"--awb-bg-size:cover;--awb-width-large:100%;--awb-margin-top-large:0px;--awb-spacing-right-large:1.92%;--awb-margin-bottom-large:0px;--awb-spacing-left-large:1.92%;--awb-width-medium:100%;--awb-order-medium:0;--awb-spacing-right-medium:1.92%;--awb-spacing-left-medium:1.92%;--awb-width-small:100%;--awb-order-small:0;--awb-spacing-right-small:1.92%;--awb-spacing-left-small:1.92%;\"><div class=\"fusion-column-wrapper fusion-column-has-shadow fusion-flex-justify-content-flex-start fusion-content-layout-column\"><div class=\"fusion-text fusion-text-2\"><p>The <span style=\"color: var(--awb-color3);\">Barra &amp; Art ceiling<\/span> is a true work of art that captivates visitors. Its pictorial decorations, with bucolic scenes and geometric shapes, evoke the beauty and charm of the Renaissance. One of the highlights are the three Renaissance celestial angels that adorn the ceiling. These angels, with their volatile robes, add a touch of grace and spirituality to the ambiance.<\/p>\n<p>The painted sky on the ceiling is a real visual gem. With soft clouds in pastel shades, it creates a sense of serenity and calm. Every detail has been carefully crafted to transport diners into a world of artistic beauty and contemplation.<\/p>\n<\/div><\/div><\/div><\/div><\/div><div class=\"fusion-fullwidth fullwidth-box fusion-builder-row-6 fusion-flex-container has-pattern-background has-mask-background nonhundred-percent-fullwidth non-hundred-percent-height-scrolling\" style=\"--awb-border-radius-top-left:0px;--awb-border-radius-top-right:0px;--awb-border-radius-bottom-right:0px;--awb-border-radius-bottom-left:0px;--awb-padding-top:50px;--awb-padding-bottom:150px;--awb-background-color:var(--awb-color8);--awb-flex-wrap:wrap;\" ><div class=\"fusion-builder-row fusion-row fusion-flex-align-items-center fusion-flex-content-wrap\" style=\"max-width:1248px;margin-left: calc(-4% \/ 2 );margin-right: calc(-4% \/ 2 );\"><div class=\"fusion-layout-column fusion_builder_column fusion-builder-column-6 fusion_builder_column_1_2 1_2 fusion-flex-column\" style=\"--awb-bg-size:cover;--awb-width-large:50%;--awb-margin-top-large:0px;--awb-spacing-right-large:3.84%;--awb-margin-bottom-large:0px;--awb-spacing-left-large:3.84%;--awb-width-medium:50%;--awb-order-medium:0;--awb-spacing-right-medium:3.84%;--awb-spacing-left-medium:3.84%;--awb-width-small:100%;--awb-order-small:0;--awb-spacing-right-small:1.92%;--awb-margin-bottom-small:50px;--awb-spacing-left-small:1.92%;\"><div class=\"fusion-column-wrapper fusion-column-has-shadow fusion-flex-justify-content-flex-start fusion-content-layout-column\"><div class=\"fusion-image-element\" style=\"--awb-caption-title-font-family:var(--h2_typography-font-family);--awb-caption-title-font-weight:var(--h2_typography-font-weight);--awb-caption-title-font-style:var(--h2_typography-font-style);--awb-caption-title-size:var(--h2_typography-font-size);--awb-caption-title-transform:var(--h2_typography-text-transform);--awb-caption-title-line-height:var(--h2_typography-line-height);--awb-caption-title-letter-spacing:var(--h2_typography-letter-spacing);\"><span class=\"fusion-imageframe imageframe-none imageframe-6 hover-type-none\" style=\"border-radius:15px;\"><img decoding=\"async\" width=\"757\" height=\"341\" title=\"decoracion-barra\" src=\"http:\/\/barraiart.es\/wp-content\/uploads\/2023\/06\/decoracion-barra.jpg\" alt class=\"img-responsive wp-image-455\" srcset=\"https:\/\/barraiart.es\/wp-content\/uploads\/2023\/06\/decoracion-barra-200x90.jpg 200w, https:\/\/barraiart.es\/wp-content\/uploads\/2023\/06\/decoracion-barra-400x180.jpg 400w, https:\/\/barraiart.es\/wp-content\/uploads\/2023\/06\/decoracion-barra-600x270.jpg 600w, https:\/\/barraiart.es\/wp-content\/uploads\/2023\/06\/decoracion-barra.jpg 757w\" sizes=\"(max-width: 640px) 100vw, 600px\" \/><\/span><\/div><\/div><\/div><div class=\"fusion-layout-column fusion_builder_column fusion-builder-column-7 fusion_builder_column_1_2 1_2 fusion-flex-column fusion-flex-align-self-center\" style=\"--awb-padding-left:30px;--awb-bg-size:cover;--awb-border-color:var(--awb-color3);--awb-border-color-hover:var(--awb-color1);--awb-border-left:4px;--awb-border-style:solid;--awb-width-large:50%;--awb-margin-top-large:0px;--awb-spacing-right-large:3.84%;--awb-margin-bottom-large:0px;--awb-spacing-left-large:3.84%;--awb-width-medium:50%;--awb-order-medium:0;--awb-spacing-right-medium:3.84%;--awb-spacing-left-medium:3.84%;--awb-width-small:100%;--awb-order-small:0;--awb-spacing-right-small:1.92%;--awb-spacing-left-small:1.92%;\"><div class=\"fusion-column-wrapper fusion-column-has-shadow fusion-flex-justify-content-center fusion-content-layout-column\"><div class=\"fusion-text fusion-text-3\"><p>The magnificent <span style=\"color: var(--awb-color3);\">pictorial decorations <\/span>that adorn the ceiling of Barra &amp; Art, remind us of the cultural and artistic legacy preserved over the years and carefully crafted to transport diners to a world of artistic beauty and contemplation. Its <span style=\"color: var(--awb-color3);\">three celestial angels<\/span> add a touch of elegance and distinction to the place, turning the dining experience into a unique fusion between art and Mediterranean food.<\/p>\n<\/div><\/div><\/div><\/div><\/div><\/p>","protected":false},"excerpt":{"rendered":"","protected":false},"author":8,"featured_media":0,"parent":0,"menu_order":0,"comment_status":"closed","ping_status":"open","template":"100-width.php","meta":{"footnotes":""},"class_list":["post-138","page","type-page","status-publish","hentry"],"_links":{"self":[{"href":"https:\/\/barraiart.es\/en\/wp-json\/wp\/v2\/pages\/138","targetHints":{"allow":["GET"]}}],"collection":[{"href":"https:\/\/barraiart.es\/en\/wp-json\/wp\/v2\/pages"}],"about":[{"href":"https:\/\/barraiart.es\/en\/wp-json\/wp\/v2\/types\/page"}],"author":[{"embeddable":true,"href":"https:\/\/barraiart.es\/en\/wp-json\/wp\/v2\/users\/8"}],"replies":[{"embeddable":true,"href":"https:\/\/barraiart.es\/en\/wp-json\/wp\/v2\/comments?post=138"}],"version-history":[{"count":58,"href":"https:\/\/barraiart.es\/en\/wp-json\/wp\/v2\/pages\/138\/revisions"}],"predecessor-version":[{"id":760,"href":"https:\/\/barraiart.es\/en\/wp-json\/wp\/v2\/pages\/138\/revisions\/760"}],"wp:attachment":[{"href":"https:\/\/barraiart.es\/en\/wp-json\/wp\/v2\/media?parent=138"}],"curies":[{"name":"wp","href":"https:\/\/api.w.org\/{rel}","templated":true}]}}